{"id":8651,"date":"2022-11-01T12:05:49","date_gmt":"2022-11-01T12:05:49","guid":{"rendered":"https:\/\/petekpolimer.com\/?page_id=8651"},"modified":"2022-11-01T12:06:18","modified_gmt":"2022-11-01T12:06:18","slug":"akrinonitril-butadiyen-sitren-abs","status":"publish","type":"page","link":"https:\/\/petekpolimer.com\/index.php\/akrinonitril-butadiyen-sitren-abs\/","title":{"rendered":"Akrinonitril B\u00fctadiyen Sitren (ABS)"},"content":{"rendered":"<p>[vc_row][vc_column][vc_column_text]Elektrikli ev aletleri, oto aksam\u0131 ve yedek par\u00e7alar\u0131, elektrik prizleri, TV, bilgisayar kabinleri \u00fcretiminde kullan\u0131lmaktad\u0131r.<\/p>\n<p><strong>Genel maksatl\u0131:<\/strong>\u00a0Naturel, Siyah ve Buz beyaz\u0131.<\/p>\n<table id=\"tablepress-6\" class=\"tablepress tablepress-id-6\">\n<tbody>\n<tr class=\"row-1\">\n<td class=\"column-1\"><b>\u00dcr\u00fcn Cinsi<\/b><\/td>\n<td class=\"column-2\">\n<p><b>MFI \/ K<\/p>\n<p><\/b><\/td>\n<td class=\"column-3\">\n<p><b>Cinsi<\/p>\n<p><\/b><\/td>\n<td class=\"column-4\">\n<p><b>Kullan\u0131m alan\u0131<\/p>\n<p><\/b><\/td>\n<\/tr>\n<tr class=\"row-2\">\n<td class=\"column-1\">ABS<\/td>\n<td class=\"column-2\">MFI<\/td>\n<td class=\"column-3\">Natural<\/td>\n<td class=\"column-4\">Elektrikli ev aletleri, oto aksam\u0131 ve yedek par\u00e7alar\u0131,<br \/>\nelektrik prizleri, TV, bilgisayar kabinleri<\/td>\n<\/tr>\n<\/tbody>\n<\/table>\n<p>[\/vc_column_text][\/vc_column][\/vc_row]<\/p>\n","protected":false},"excerpt":{"rendered":"<p>[vc_row][vc_column][vc_column_text]Elektrikli ev aletleri, oto aksam\u0131 ve yedek par\u00e7alar\u0131, elektrik prizleri, TV, bilgisayar kabinleri \u00fcretiminde kullan\u0131lmaktad\u0131r. Genel maksatl\u0131:\u00a0Naturel, Siyah ve Buz beyaz\u0131. \u00dcr\u00fcn Cinsi MFI \/ K Cinsi Kullan\u0131m alan\u0131 ABS MFI Natural Elektrikli ev aletleri, oto aksam\u0131 ve yedek par\u00e7alar\u0131, elektrik prizleri, TV, bilgisayar kabinleri [\/vc_column_text][\/vc_column][\/vc_row]<\/p>\n","protected":false},"author":1,"featured_media":0,"parent":0,"menu_order":0,"comment_status":"closed","ping_status":"closed","template":"","meta":{"om_disable_all_campaigns":false,"_monsterinsights_skip_tracking":false,"_monsterinsights_sitenote_active":false,"_monsterinsights_sitenote_note":"","_monsterinsights_sitenote_category":0,"footnotes":""},"class_list":["post-8651","page","type-page","status-publish","hentry"],"aioseo_notices":[],"_links":{"self":[{"href":"https:\/\/petekpolimer.com\/index.php\/wp-json\/wp\/v2\/pages\/8651","targetHints":{"allow":["GET"]}}],"collection":[{"href":"https:\/\/petekpolimer.com\/index.php\/wp-json\/wp\/v2\/pages"}],"about":[{"href":"https:\/\/petekpolimer.com\/index.php\/wp-json\/wp\/v2\/types\/page"}],"author":[{"embeddable":true,"href":"https:\/\/petekpolimer.com\/index.php\/wp-json\/wp\/v2\/users\/1"}],"replies":[{"embeddable":true,"href":"https:\/\/petekpolimer.com\/index.php\/wp-json\/wp\/v2\/comments?post=8651"}],"version-history":[{"count":3,"href":"https:\/\/petekpolimer.com\/index.php\/wp-json\/wp\/v2\/pages\/8651\/revisions"}],"predecessor-version":[{"id":8655,"href":"https:\/\/petekpolimer.com\/index.php\/wp-json\/wp\/v2\/pages\/8651\/revisions\/8655"}],"wp:attachment":[{"href":"https:\/\/petekpolimer.com\/index.php\/wp-json\/wp\/v2\/media?parent=8651"}],"curies":[{"name":"wp","href":"https:\/\/api.w.org\/{rel}","templated":true}]}}