{"id":8646,"date":"2022-11-01T12:02:41","date_gmt":"2022-11-01T12:02:41","guid":{"rendered":"https:\/\/petekpolimer.com\/?page_id=8646"},"modified":"2022-11-01T12:03:14","modified_gmt":"2022-11-01T12:03:14","slug":"polietilen-treftalat-pet","status":"publish","type":"page","link":"https:\/\/petekpolimer.com\/index.php\/polietilen-treftalat-pet\/","title":{"rendered":"Polietilen treftalat (PET)"},"content":{"rendered":"<p>[vc_row][vc_column][vc_column_text]Su, me\u015frubat, ya\u011f, deterjan, parf\u00fcm \u015fi\u015feleri, film, elyaf, iplik \u00fcretiminde kullan\u0131lmaktad\u0131r.<\/p>\n<p>&nbsp;<\/p>\n<table id=\"tablepress-5\" class=\"tablepress tablepress-id-5\">\n<tbody>\n<tr class=\"row-1\">\n<td class=\"column-1\"><b>\u00dcr\u00fcn Cinsi<\/b><\/td>\n<td class=\"column-2\">\n<p><b>MFI \/ K<\/p>\n<p><\/b><\/td>\n<td class=\"column-3\">\n<p><b>Cinsi<\/p>\n<p><\/b><\/td>\n<td class=\"column-4\">\n<p><b>Kullan\u0131m alan\u0131<\/p>\n<p><\/b><\/td>\n<\/tr>\n<tr class=\"row-2\">\n<td class=\"column-1\">PET<\/td>\n<td class=\"column-2\">I.V. 80<\/td>\n<td class=\"column-3\">\u015ei\u015felik<\/td>\n<td class=\"column-4\">Su, ya\u011f, parf\u00fcm, deterjan, vb. \u015fi\u015fe imalat\u0131<\/td>\n<\/tr>\n<\/tbody>\n<\/table>\n<p>[\/vc_column_text][\/vc_column][\/vc_row]<\/p>\n","protected":false},"excerpt":{"rendered":"<p>[vc_row][vc_column][vc_column_text]Su, me\u015frubat, ya\u011f, deterjan, parf\u00fcm \u015fi\u015feleri, film, elyaf, iplik \u00fcretiminde kullan\u0131lmaktad\u0131r. &nbsp; \u00dcr\u00fcn Cinsi MFI \/ K Cinsi Kullan\u0131m alan\u0131 PET I.V. 80 \u015ei\u015felik Su, ya\u011f, parf\u00fcm, deterjan, vb. \u015fi\u015fe imalat\u0131 [\/vc_column_text][\/vc_column][\/vc_row]<\/p>\n","protected":false},"author":1,"featured_media":0,"parent":0,"menu_order":0,"comment_status":"closed","ping_status":"closed","template":"","meta":{"om_disable_all_campaigns":false,"_monsterinsights_skip_tracking":false,"_monsterinsights_sitenote_active":false,"_monsterinsights_sitenote_note":"","_monsterinsights_sitenote_category":0,"footnotes":""},"class_list":["post-8646","page","type-page","status-publish","hentry"],"aioseo_notices":[],"_links":{"self":[{"href":"https:\/\/petekpolimer.com\/index.php\/wp-json\/wp\/v2\/pages\/8646","targetHints":{"allow":["GET"]}}],"collection":[{"href":"https:\/\/petekpolimer.com\/index.php\/wp-json\/wp\/v2\/pages"}],"about":[{"href":"https:\/\/petekpolimer.com\/index.php\/wp-json\/wp\/v2\/types\/page"}],"author":[{"embeddable":true,"href":"https:\/\/petekpolimer.com\/index.php\/wp-json\/wp\/v2\/users\/1"}],"replies":[{"embeddable":true,"href":"https:\/\/petekpolimer.com\/index.php\/wp-json\/wp\/v2\/comments?post=8646"}],"version-history":[{"count":3,"href":"https:\/\/petekpolimer.com\/index.php\/wp-json\/wp\/v2\/pages\/8646\/revisions"}],"predecessor-version":[{"id":8650,"href":"https:\/\/petekpolimer.com\/index.php\/wp-json\/wp\/v2\/pages\/8646\/revisions\/8650"}],"wp:attachment":[{"href":"https:\/\/petekpolimer.com\/index.php\/wp-json\/wp\/v2\/media?parent=8646"}],"curies":[{"name":"wp","href":"https:\/\/api.w.org\/{rel}","templated":true}]}}