{"id":8639,"date":"2022-11-01T11:39:48","date_gmt":"2022-11-01T11:39:48","guid":{"rendered":"https:\/\/petekpolimer.com\/?page_id=8639"},"modified":"2022-11-01T11:55:25","modified_gmt":"2022-11-01T11:55:25","slug":"polivinilklorur-pvc","status":"publish","type":"page","link":"https:\/\/petekpolimer.com\/index.php\/polivinilklorur-pvc\/","title":{"rendered":"Polivinilklor\u00fcr (PVC)"},"content":{"rendered":"<p>[vc_row][vc_column][vc_column_text]S\u00fcspansiyon ve em\u00fclsiyon tiplerinde; kap\u0131, pencere profilleri, lambri, boru ve ba\u011flant\u0131 par\u00e7alar\u0131, bah\u00e7e hortumu, ayakkab\u0131 taban\u0131, kablo, film, branda, suni deri, eldiven, taban mu\u015fambas\u0131, yer ve duvar kaplamalar\u0131, oyuncak bebek, top ve suni meyvalar vs. \u00fcretimi i\u00e7in istenilen K de\u011ferlerinde.<\/p>\n<p><strong>S-PVC, S\u00dcSPANS\u0130YON POL\u0130V\u0130N\u0130LKLOR\u00dcR<\/strong><br \/>\nAyakkab\u0131, boru, profil, kablo, film vs.<\/p>\n<p><strong>E-PVC, EM\u00dcLS\u0130YON POL\u0130V\u0130N\u0130LKLOR\u00dcR<\/strong><br \/>\nBranda, suni deri, oyuncaklar, top, yer ve duvar kaplama, etiket vs.<\/p>\n<table id=\"tablepress-4\" class=\"tablepress tablepress-id-4\">\n<tbody>\n<tr class=\"row-1\">\n<td class=\"column-1\"><b>\u00dcr\u00fcn Cinsi<\/b><\/td>\n<td class=\"column-2\">\n<p><b>MFI \/ K<\/p>\n<p><\/b><\/td>\n<td class=\"column-3\">\n<p><b>Cinsi<\/p>\n<p><\/b><\/td>\n<td class=\"column-4\">\n<p><b>Kullan\u0131m alan\u0131<\/p>\n<p><\/b><\/td>\n<\/tr>\n<tr class=\"row-2\">\n<td class=\"column-1\" rowspan=\"4\">PVC<br \/>\nS\u00fcspansiyon<\/td>\n<td class=\"column-2\">K \u2013 58<\/td>\n<td class=\"column-3\">Filmlik<\/td>\n<td class=\"column-4\">Filmlik, \u015fi\u015fe, boru ba\u011flant\u0131 par\u00e7alar\u0131<\/td>\n<\/tr>\n<tr class=\"row-3\">\n<td class=\"column-2\">K \u2013 62 \/ 64<\/td>\n<td class=\"column-3\">Fitting<\/td>\n<td class=\"column-4\">K\u00fc\u00e7\u00fck profil \u2013 lambri, boruluk<\/td>\n<\/tr>\n<tr class=\"row-4\">\n<td class=\"column-2\">K \u2013 65 \/ 68<\/td>\n<td class=\"column-3\">Profile<\/td>\n<td class=\"column-4\">Profil<\/td>\n<\/tr>\n<tr class=\"row-5\">\n<td class=\"column-2\">K \u2013 69 \/ 71<\/td>\n<td class=\"column-3\">\u2013<\/td>\n<td class=\"column-4\">\nKablo, ayakkab\u0131 vs.<\/td>\n<\/tr>\n<tr class=\"row-6\">\n<td class=\"column-1\" rowspan=\"4\">PVC<br \/>\nEm\u00fclsiyon<\/td>\n<td class=\"column-2\">K \u2013 60<\/td>\n<td class=\"column-3\">Silindirden Ge\u00e7me<\/td>\n<td class=\"column-4\">Suni deri<\/td>\n<\/tr>\n<tr class=\"row-7\">\n<td class=\"column-2\">K \u2013 67<\/td>\n<td class=\"column-3\">Silindirden Ge\u00e7me<\/td>\n<td class=\"column-4\">Suni deri<\/td>\n<\/tr>\n<tr class=\"row-8\">\n<td class=\"column-2\">K \u2013 70<\/td>\n<td class=\"column-3\">Silindirden Ge\u00e7me<\/td>\n<td class=\"column-4\">Suni deri \/ Branda<\/td>\n<\/tr>\n<tr class=\"row-9\">\n<td class=\"column-2\">K \u2013 73<\/td>\n<td class=\"column-3\">Silindirden Ge\u00e7me<\/td>\n<td class=\"column-4\">Top, oyuncak, suni deri, kuma\u015f kaplama, branda<\/td>\n<\/tr>\n<\/tbody>\n<\/table>\n<p>[\/vc_column_text][\/vc_column][\/vc_row]<\/p>\n","protected":false},"excerpt":{"rendered":"<p>[vc_row][vc_column][vc_column_text]S\u00fcspansiyon ve em\u00fclsiyon tiplerinde; kap\u0131, pencere profilleri, lambri, boru ve ba\u011flant\u0131 par\u00e7alar\u0131, bah\u00e7e hortumu, ayakkab\u0131 taban\u0131, kablo, film, branda, suni deri, eldiven, taban mu\u015fambas\u0131, yer ve duvar kaplamalar\u0131, oyuncak bebek, top ve suni meyvalar vs. \u00fcretimi i\u00e7in istenilen K de\u011ferlerinde. S-PVC, S\u00dcSPANS\u0130YON POL\u0130V\u0130N\u0130LKLOR\u00dcR Ayakkab\u0131, boru, profil, kablo, film vs. E-PVC, EM\u00dcLS\u0130YON POL\u0130V\u0130N\u0130LKLOR\u00dcR Branda, suni deri, [&hellip;]<\/p>\n","protected":false},"author":1,"featured_media":0,"parent":0,"menu_order":0,"comment_status":"closed","ping_status":"closed","template":"","meta":{"om_disable_all_campaigns":false,"_monsterinsights_skip_tracking":false,"_monsterinsights_sitenote_active":false,"_monsterinsights_sitenote_note":"","_monsterinsights_sitenote_category":0,"footnotes":""},"class_list":["post-8639","page","type-page","status-publish","hentry"],"aioseo_notices":[],"_links":{"self":[{"href":"https:\/\/petekpolimer.com\/index.php\/wp-json\/wp\/v2\/pages\/8639","targetHints":{"allow":["GET"]}}],"collection":[{"href":"https:\/\/petekpolimer.com\/index.php\/wp-json\/wp\/v2\/pages"}],"about":[{"href":"https:\/\/petekpolimer.com\/index.php\/wp-json\/wp\/v2\/types\/page"}],"author":[{"embeddable":true,"href":"https:\/\/petekpolimer.com\/index.php\/wp-json\/wp\/v2\/users\/1"}],"replies":[{"embeddable":true,"href":"https:\/\/petekpolimer.com\/index.php\/wp-json\/wp\/v2\/comments?post=8639"}],"version-history":[{"count":3,"href":"https:\/\/petekpolimer.com\/index.php\/wp-json\/wp\/v2\/pages\/8639\/revisions"}],"predecessor-version":[{"id":8643,"href":"https:\/\/petekpolimer.com\/index.php\/wp-json\/wp\/v2\/pages\/8639\/revisions\/8643"}],"wp:attachment":[{"href":"https:\/\/petekpolimer.com\/index.php\/wp-json\/wp\/v2\/media?parent=8639"}],"curies":[{"name":"wp","href":"https:\/\/api.w.org\/{rel}","templated":true}]}}