{"id":8634,"date":"2022-10-31T21:27:06","date_gmt":"2022-10-31T21:27:06","guid":{"rendered":"https:\/\/petekpolimer.com\/?page_id=8634"},"modified":"2022-11-01T12:00:46","modified_gmt":"2022-11-01T12:00:46","slug":"polikarbonat-pc","status":"publish","type":"page","link":"https:\/\/petekpolimer.com\/index.php\/polikarbonat-pc\/","title":{"rendered":"Polikarbonat (PC)"},"content":{"rendered":"<p>[vc_row][vc_column][vc_column_text]<\/p>\n<section class=\"elementor-section elementor-top-section elementor-element elementor-element-63f808d elementor-section-boxed elementor-section-height-default elementor-section-height-default\" data-id=\"63f808d\" data-element_type=\"section\">\n<div class=\"elementor-container elementor-column-gap-default\">\n<div class=\"elementor-row\">\n<div class=\"elementor-column elementor-col-100 elementor-top-column elementor-element elementor-element-6da15d8\" data-id=\"6da15d8\" data-element_type=\"column\">\n<div class=\"elementor-column-wrap elementor-element-populated\">\n<div class=\"elementor-widget-wrap\">\n<div class=\"elementor-element elementor-element-0de89a0 elementor-widget elementor-widget-text-editor\" data-id=\"0de89a0\" data-element_type=\"widget\" data-widget_type=\"text-editor.default\">\n<div class=\"elementor-widget-container\">\n<div class=\"elementor-text-editor elementor-clearfix\">\n<p><b>Polikarbon<\/b>\u00a0ba\u015fta in\u015faat sekt\u00f6r\u00fc olmak \u00fczere \u00e7e\u015fitli sekt\u00f6rlerde kullan\u0131lmaktad\u0131r. \u00c7at\u0131 ve cephe kaplamalar\u0131nda, kap\u0131 giri\u015f sa\u00e7aklar\u0131nda, seralar\u0131n cephe ve \u00e7at\u0131 k\u0131s\u0131mlar\u0131nda, binalardaki teras ve verandalar\u0131n tavan k\u0131sm\u0131nda pratik ve ekonomik \u00e7\u00f6z\u00fcmler \u00fcretmektedir.<\/p>\n<\/div>\n<\/div>\n<\/div>\n<\/div>\n<\/div>\n<\/div>\n<\/div>\n<\/div>\n<\/section>\n<section class=\"elementor-section elementor-top-section elementor-element elementor-element-b65fd17 elementor-section-boxed elementor-section-height-default elementor-section-height-default\" data-id=\"b65fd17\" data-element_type=\"section\">\n<div class=\"elementor-container elementor-column-gap-default\">\n<div class=\"elementor-row\">\n<div class=\"elementor-column elementor-col-100 elementor-top-column elementor-element elementor-element-b232f48\" data-id=\"b232f48\" data-element_type=\"column\">\n<div class=\"elementor-column-wrap elementor-element-populated\">\n<div class=\"elementor-widget-wrap\">\n<div class=\"elementor-element elementor-element-0706100 elementor-widget elementor-widget-text-editor\" data-id=\"0706100\" data-element_type=\"widget\" data-widget_type=\"text-editor.default\">\n<div class=\"elementor-widget-container\">\n<div class=\"elementor-text-editor elementor-clearfix\">\n<ul class=\"product_properties\">\n<li class=\"title active show\"><strong>\u00d6zellikleri genel olarak a\u015fa\u011f\u0131daki gibidir ;<\/strong><\/li>\n<li class=\"show\">M\u00fckemmel \u0131s\u0131 izolasyonu<\/li>\n<li class=\"show\">S\u0131cak ve so\u011fuk b\u00fckme gibi kolay \u015fekil verebilme<\/li>\n<li class=\"show\">K\u0131r\u0131lmaya kar\u015f\u0131 diren\u00e7 (camdan 200 kat, akrilik levhadan 6 kat daha fazla diren\u00e7li)<\/li>\n<li class=\"show\">Tabiat \u015fartlar\u0131na kar\u015f\u0131 mukavemet<\/li>\n<li class=\"show\">Ate\u015fe dayan\u0131kl\u0131l\u0131\u011f\u0131<\/li>\n<li class=\"show\">%90 \u2018a varan \u0131\u015f\u0131k ge\u00e7irgenli\u011fi<\/li>\n<li class=\"show\">-40,+115\u00b0C s\u0131cakl\u0131klar\u0131 aras\u0131nda \u00e7al\u0131\u015fabilme imkan\u0131<\/li>\n<li class=\"show\">\u0130\u015flenebilme, depolama, kullan\u0131m ve montaj kolayl\u0131\u011f\u0131<\/li>\n<li class=\"show\">Ses izolasyonu<\/li>\n<li class=\"show\">Y\u00fczeyde su tutma \u00f6zelli\u011fi<\/li>\n<\/ul>\n<ul class=\"product_properties\">\n<li class=\"title active show\"><strong>Kullan\u0131ld\u0131\u011f\u0131 Yerlere Baz\u0131 \u00f6rnekler ;<\/strong><\/li>\n<li class=\"show\">\u00c7at\u0131 \u0131\u015f\u0131kl\u0131klar\u0131<\/li>\n<li class=\"show\">K\u0131\u015f bah\u00e7eleri<\/li>\n<li class=\"show\">Giri\u015f sa\u00e7aklar\u0131<\/li>\n<li class=\"show\">Teras ve verandalar<\/li>\n<li class=\"show\">Seralar<\/li>\n<li class=\"show\">Binalar aras\u0131 ge\u00e7i\u015f t\u00fcnelleri<\/li>\n<li class=\"show\">Y\u00fczme Havuzlar\u0131<\/li>\n<li class=\"show\">Merdiven ve balkon korkuluklar\u0131<\/li>\n<li class=\"show\">Stadyumlar<\/li>\n<li class=\"show\">Otopark, otob\u00fcs duraklar\u0131<\/li>\n<li class=\"show\">Reklam panolar\u0131<\/li>\n<li class=\"show\">Bankalar ve ofis, bina giri\u015f-\u00e7\u0131k\u0131\u015flar\u0131<\/li>\n<li class=\"show\">Fabrika ayd\u0131nl\u0131klar\u0131<\/li>\n<li class=\"show\">Yaya \u00fcstge\u00e7itleri<\/li>\n<\/ul>\n<\/div>\n<\/div>\n<\/div>\n<\/div>\n<\/div>\n<\/div>\n<\/div>\n<\/div>\n<\/section>\n<p>[\/vc_column_text][\/vc_column][\/vc_row]<\/p>\n","protected":false},"excerpt":{"rendered":"<p>[vc_row][vc_column][vc_column_text] Polikarbon\u00a0ba\u015fta in\u015faat sekt\u00f6r\u00fc olmak \u00fczere \u00e7e\u015fitli sekt\u00f6rlerde kullan\u0131lmaktad\u0131r. \u00c7at\u0131 ve cephe kaplamalar\u0131nda, kap\u0131 giri\u015f sa\u00e7aklar\u0131nda, seralar\u0131n cephe ve \u00e7at\u0131 k\u0131s\u0131mlar\u0131nda, binalardaki teras ve verandalar\u0131n tavan k\u0131sm\u0131nda pratik ve ekonomik \u00e7\u00f6z\u00fcmler \u00fcretmektedir. \u00d6zellikleri genel olarak a\u015fa\u011f\u0131daki gibidir ; M\u00fckemmel \u0131s\u0131 izolasyonu S\u0131cak ve so\u011fuk b\u00fckme gibi kolay \u015fekil verebilme K\u0131r\u0131lmaya kar\u015f\u0131 diren\u00e7 (camdan 200 kat, [&hellip;]<\/p>\n","protected":false},"author":1,"featured_media":0,"parent":0,"menu_order":0,"comment_status":"closed","ping_status":"closed","template":"","meta":{"om_disable_all_campaigns":false,"_monsterinsights_skip_tracking":false,"_monsterinsights_sitenote_active":false,"_monsterinsights_sitenote_note":"","_monsterinsights_sitenote_category":0,"footnotes":""},"class_list":["post-8634","page","type-page","status-publish","hentry"],"aioseo_notices":[],"_links":{"self":[{"href":"https:\/\/petekpolimer.com\/index.php\/wp-json\/wp\/v2\/pages\/8634","targetHints":{"allow":["GET"]}}],"collection":[{"href":"https:\/\/petekpolimer.com\/index.php\/wp-json\/wp\/v2\/pages"}],"about":[{"href":"https:\/\/petekpolimer.com\/index.php\/wp-json\/wp\/v2\/types\/page"}],"author":[{"embeddable":true,"href":"https:\/\/petekpolimer.com\/index.php\/wp-json\/wp\/v2\/users\/1"}],"replies":[{"embeddable":true,"href":"https:\/\/petekpolimer.com\/index.php\/wp-json\/wp\/v2\/comments?post=8634"}],"version-history":[{"count":3,"href":"https:\/\/petekpolimer.com\/index.php\/wp-json\/wp\/v2\/pages\/8634\/revisions"}],"predecessor-version":[{"id":8638,"href":"https:\/\/petekpolimer.com\/index.php\/wp-json\/wp\/v2\/pages\/8634\/revisions\/8638"}],"wp:attachment":[{"href":"https:\/\/petekpolimer.com\/index.php\/wp-json\/wp\/v2\/media?parent=8634"}],"curies":[{"name":"wp","href":"https:\/\/api.w.org\/{rel}","templated":true}]}}