{"id":8628,"date":"2022-10-31T21:22:14","date_gmt":"2022-10-31T21:22:14","guid":{"rendered":"https:\/\/petekpolimer.com\/?page_id=8628"},"modified":"2022-10-31T21:23:46","modified_gmt":"2022-10-31T21:23:46","slug":"polisitren-ps","status":"publish","type":"page","link":"https:\/\/petekpolimer.com\/index.php\/polisitren-ps\/","title":{"rendered":"Polisitren (PS)"},"content":{"rendered":"<p>[vc_row][vc_column][vc_column_text]Kristal, anti\u015fok, ve genle\u015ftirilmi\u015f k\u00f6p\u00fck tiplerinde; \u00e7e\u015fitli piknik e\u015fyalar\u0131, yo\u011furt kaplar\u0131, k\u0131rtasiye ve hediyelik malzemeler, video ve teyp kasetleri, otomotiv par\u00e7alar\u0131, k\u00f6p\u00fckten ambalaj ve yal\u0131t\u0131m malzemeleri imalat\u0131 i\u00e7in.<\/p>\n<p><strong>Genel Maksatl\u0131:<\/strong>\u00a0Enjeksiyon ve ekstruzyon i\u00e7in kristal.<br \/>\n<strong>Anti\u015fok:<\/strong>\u00a0Levha, profil v.b.<br \/>\n<strong>K\u00f6p\u00fck:<\/strong>\u00a0Kap ve ambalajlar i\u00e7in<\/p>\n<table id=\"tablepress-3\" class=\"tablepress tablepress-id-3\">\n<tbody>\n<tr class=\"row-1\">\n<td class=\"column-1\"><b>\u00dcr\u00fcn Cinsi<\/b><\/td>\n<td class=\"column-2\">\n<p><b>MFI \/ K<\/p>\n<p><\/b><\/td>\n<td class=\"column-3\">\n<p><b>Cinsi<\/p>\n<p><\/b><\/td>\n<td class=\"column-4\">\n<p><b>Kullan\u0131m alan\u0131<\/p>\n<p><\/b><\/td>\n<\/tr>\n<tr class=\"row-2\">\n<td class=\"column-1\" rowspan=\"2\">Kristal \/ GPPS<br \/>\nPolistiren<\/td>\n<td class=\"column-2\">2 \u2013 4 MFI<\/td>\n<td class=\"column-3\">Ekstr\u00fczyon<\/td>\n<td class=\"column-4\">Levha uygulamalar\u0131<\/td>\n<\/tr>\n<tr class=\"row-3\">\n<td class=\"column-2\">5 \u2013 12 MFI<\/td>\n<td class=\"column-3\">Ekstr\u00fczyon<\/td>\n<td class=\"column-4\">Bardak, CD kutusu, elektrikli e\u015fyalar,<br \/>\nev \u2013 dekorasyon e\u015fyalar\u0131, kaset, lamba,<br \/>\nkozmetik \u00fcr\u00fcn kutular\u0131<\/td>\n<\/tr>\n<tr class=\"row-4\">\n<td class=\"column-1\" rowspan=\"2\">Anti\u015fok \/ HIPS<br \/>\nPolistiren<\/td>\n<td class=\"column-2\">2 \u2013 4 MFI<\/td>\n<td class=\"column-3\">Ekstr\u00fczyon<\/td>\n<td class=\"column-4\">Levha uygulamalar\u0131,<br \/>\ng\u0131da ambalaj\u0131 uygulamalar\u0131<\/td>\n<\/tr>\n<tr class=\"row-5\">\n<td class=\"column-2\">5 \u2013 12 MFI<\/td>\n<td class=\"column-3\">Ekstr\u00fczyon<\/td>\n<td class=\"column-4\">TV panelleri, bilgisayar par\u00e7alar\u0131,<br \/>\nk\u0131rtasiye \u00fcr\u00fcnleri, piknik e\u015fyalar\u0131;<br \/>\nka\u015f\u0131k, \u00e7atal, tabak vs.<\/td>\n<\/tr>\n<\/tbody>\n<\/table>\n<p>[\/vc_column_text][\/vc_column][\/vc_row]<\/p>\n","protected":false},"excerpt":{"rendered":"<p>[vc_row][vc_column][vc_column_text]Kristal, anti\u015fok, ve genle\u015ftirilmi\u015f k\u00f6p\u00fck tiplerinde; \u00e7e\u015fitli piknik e\u015fyalar\u0131, yo\u011furt kaplar\u0131, k\u0131rtasiye ve hediyelik malzemeler, video ve teyp kasetleri, otomotiv par\u00e7alar\u0131, k\u00f6p\u00fckten ambalaj ve yal\u0131t\u0131m malzemeleri imalat\u0131 i\u00e7in. Genel Maksatl\u0131:\u00a0Enjeksiyon ve ekstruzyon i\u00e7in kristal. Anti\u015fok:\u00a0Levha, profil v.b. K\u00f6p\u00fck:\u00a0Kap ve ambalajlar i\u00e7in \u00dcr\u00fcn Cinsi MFI \/ K Cinsi Kullan\u0131m alan\u0131 Kristal \/ GPPS Polistiren 2 \u2013 [&hellip;]<\/p>\n","protected":false},"author":1,"featured_media":0,"parent":0,"menu_order":0,"comment_status":"closed","ping_status":"closed","template":"","meta":{"om_disable_all_campaigns":false,"_monsterinsights_skip_tracking":false,"_monsterinsights_sitenote_active":false,"_monsterinsights_sitenote_note":"","_monsterinsights_sitenote_category":0,"footnotes":""},"class_list":["post-8628","page","type-page","status-publish","hentry"],"aioseo_notices":[],"_links":{"self":[{"href":"https:\/\/petekpolimer.com\/index.php\/wp-json\/wp\/v2\/pages\/8628","targetHints":{"allow":["GET"]}}],"collection":[{"href":"https:\/\/petekpolimer.com\/index.php\/wp-json\/wp\/v2\/pages"}],"about":[{"href":"https:\/\/petekpolimer.com\/index.php\/wp-json\/wp\/v2\/types\/page"}],"author":[{"embeddable":true,"href":"https:\/\/petekpolimer.com\/index.php\/wp-json\/wp\/v2\/users\/1"}],"replies":[{"embeddable":true,"href":"https:\/\/petekpolimer.com\/index.php\/wp-json\/wp\/v2\/comments?post=8628"}],"version-history":[{"count":2,"href":"https:\/\/petekpolimer.com\/index.php\/wp-json\/wp\/v2\/pages\/8628\/revisions"}],"predecessor-version":[{"id":8632,"href":"https:\/\/petekpolimer.com\/index.php\/wp-json\/wp\/v2\/pages\/8628\/revisions\/8632"}],"wp:attachment":[{"href":"https:\/\/petekpolimer.com\/index.php\/wp-json\/wp\/v2\/media?parent=8628"}],"curies":[{"name":"wp","href":"https:\/\/api.w.org\/{rel}","templated":true}]}}