{"id":8623,"date":"2022-10-31T21:09:35","date_gmt":"2022-10-31T21:09:35","guid":{"rendered":"https:\/\/petekpolimer.com\/?page_id=8623"},"modified":"2022-10-31T21:24:51","modified_gmt":"2022-10-31T21:24:51","slug":"polipropilen-pp","status":"publish","type":"page","link":"https:\/\/petekpolimer.com\/index.php\/polipropilen-pp\/","title":{"rendered":"Polipropilen (PP)"},"content":{"rendered":"<p>[vc_row][vc_column][vc_column_text]Homopolimer, Kopolimer ve Random Kopolimer tiplerinde; OPP ve BOPP film, \u00e7uval, bigbag, ip, levha, \u015fi\u015fe, t\u0131bbi malzemeler, f\u0131r\u00e7a, elyaf, hal\u0131 ipi, nonwomen, ak\u00fc kab\u0131, boya kutusu, ince cidarl\u0131 ambalaj kutular\u0131, boru ve ba\u011flant\u0131 par\u00e7alar\u0131 vb. imalat\u0131 i\u00e7in.<\/p>\n<p><strong>Enjeksiyon tipi:\u00a0<\/strong>Homopolimer, kopolimer, random kopolimer kaplar, ak\u00fc kutular\u0131 ev ve mutfak e\u015fyalar\u0131, teknik mam\u00fcller.<br \/>\n<strong>\u015ei\u015firmelik:\u00a0<\/strong>De\u011fi\u015fik tipte \u015fi\u015feler.<br \/>\n<strong>Ekstr\u00fczyon:<\/strong>\u00a0Orient ve biorient filmlik, rafyal\u0131k, elyafl\u0131k diki\u015f ve hal\u0131 ipi vs.<\/p>\n<table id=\"tablepress-2\" class=\"tablepress tablepress-id-2\">\n<tbody>\n<tr class=\"row-1\">\n<td class=\"column-1\"><b>\u00dcr\u00fcn Cinsi<\/b><\/td>\n<td class=\"column-2\">\n<p><b>MFI \/ K<\/p>\n<p><\/b><\/td>\n<td class=\"column-3\">\n<p><b>Cinsi<\/p>\n<p><\/b><\/td>\n<td class=\"column-4\">\n<p><b>Kullan\u0131m alan\u0131<\/p>\n<p><\/b><\/td>\n<\/tr>\n<tr class=\"row-2\">\n<td class=\"column-1\" rowspan=\"9\">Polipropilen<br \/>\nHomopolimer<\/td>\n<td class=\"column-2\">1,8 \u2013 2<\/td>\n<td class=\"column-3\">FBOPP Film<\/td>\n<td class=\"column-4\">Bakliyat, pasta ve g\u00f6mlek ambalajlar\u0131<\/td>\n<\/tr>\n<tr class=\"row-3\">\n<td class=\"column-2\">1,8 \u2013 2<\/td>\n<td class=\"column-3\">Big Bag i\u00e7in<\/td>\n<td class=\"column-4\">Big-Bag \u00fcretimi ve levha \u00e7ekimi<\/td>\n<\/tr>\n<tr class=\"row-4\">\n<td class=\"column-2\">3 \u2013 5<\/td>\n<td class=\"column-3\">Rafyal\u0131k<\/td>\n<td class=\"column-4\">\u00c7uval<\/td>\n<\/tr>\n<tr class=\"row-5\">\n<td class=\"column-2\">3 \u2013 5<\/td>\n<td class=\"column-3\">Enjeksiyonluk<\/td>\n<td class=\"column-4\">Mutfak e\u015fyas\u0131<\/td>\n<\/tr>\n<tr class=\"row-6\">\n<td class=\"column-2\">5 \u2013 7<\/td>\n<td class=\"column-3\">Enjeksiyonluk<\/td>\n<td class=\"column-4\">Mutfak e\u015fyas\u0131<\/td>\n<\/tr>\n<tr class=\"row-7\">\n<td class=\"column-2\">7 \u2013 12 \u2013 18<\/td>\n<td class=\"column-3\">Enjeksiyonluk<\/td>\n<td class=\"column-4\">Mutfak e\u015fyas\u0131, mefru\u015fat, sandalye<\/td>\n<\/tr>\n<tr class=\"row-8\">\n<td class=\"column-2\">11 \u2013 15<\/td>\n<td class=\"column-3\">Elyaf \u2013 ip<\/td>\n<td class=\"column-4\">Diki\u015f ipi<\/td>\n<\/tr>\n<tr class=\"row-9\">\n<td class=\"column-2\">18 \u2013 20 \u2013 25<\/td>\n<td class=\"column-3\">BCF \u2013 Fiber<\/td>\n<td class=\"column-4\">\u015ei\u015firilmi\u015f S\u00fcrekli iplik, elyaf<\/td>\n<\/tr>\n<tr class=\"row-10\">\n<td class=\"column-2\">30 \u2013 35<\/td>\n<td class=\"column-3\">Nonwoven<\/td>\n<td class=\"column-4\">Dokumas\u0131z \u0130malat<\/td>\n<\/tr>\n<tr class=\"row-11\">\n<td class=\"column-1\" rowspan=\"3\">Polipropilen<br \/>\nKopolimer<\/td>\n<td class=\"column-2\">6,5<\/td>\n<td class=\"column-3\">Enjeksiyon<\/td>\n<td class=\"column-4\">Ak\u00fc kutusu<\/td>\n<\/tr>\n<tr class=\"row-12\">\n<td class=\"column-2\">11<\/td>\n<td class=\"column-3\">Enjeksiyon<\/td>\n<td class=\"column-4\">Saklama kaplar\u0131<\/td>\n<\/tr>\n<tr class=\"row-13\">\n<td class=\"column-2\">20 \u2013 50<\/td>\n<td class=\"column-3\">Enjeksiyon<\/td>\n<td class=\"column-4\">Boya kutusu, ince cidarl\u0131 ambalajlar<\/td>\n<\/tr>\n<tr class=\"row-14\">\n<td class=\"column-1\" rowspan=\"3\">Polipropilen<br \/>\nrandom kopolimer<\/td>\n<td class=\"column-2\">TYPE2 ( 0,3)<\/td>\n<td class=\"column-3\">Enjeksiyon<\/td>\n<td class=\"column-4\">Boru ba\u011flant\u0131 par\u00e7alar\u0131<\/td>\n<\/tr>\n<tr class=\"row-15\">\n<td class=\"column-2\">TYPE3 ( 0,2)<\/td>\n<td class=\"column-3\">Enjeksiyon<\/td>\n<td class=\"column-4\">Su tesisat\u0131 borular\u0131<\/td>\n<\/tr>\n<tr class=\"row-16\">\n<td class=\"column-2\">MFI: 35<\/td>\n<td class=\"column-3\">Enjeksiyon<\/td>\n<td class=\"column-4\">Mutfak e\u015fyalar\u0131, saklama kaplar\u0131<\/td>\n<\/tr>\n<\/tbody>\n<\/table>\n<p>[\/vc_column_text][\/vc_column][\/vc_row]<\/p>\n","protected":false},"excerpt":{"rendered":"<p>[vc_row][vc_column][vc_column_text]Homopolimer, Kopolimer ve Random Kopolimer tiplerinde; OPP ve BOPP film, \u00e7uval, bigbag, ip, levha, \u015fi\u015fe, t\u0131bbi malzemeler, f\u0131r\u00e7a, elyaf, hal\u0131 ipi, nonwomen, ak\u00fc kab\u0131, boya kutusu, ince cidarl\u0131 ambalaj kutular\u0131, boru ve ba\u011flant\u0131 par\u00e7alar\u0131 vb. imalat\u0131 i\u00e7in. Enjeksiyon tipi:\u00a0Homopolimer, kopolimer, random kopolimer kaplar, ak\u00fc kutular\u0131 ev ve mutfak e\u015fyalar\u0131, teknik mam\u00fcller. \u015ei\u015firmelik:\u00a0De\u011fi\u015fik tipte \u015fi\u015feler. Ekstr\u00fczyon:\u00a0Orient [&hellip;]<\/p>\n","protected":false},"author":1,"featured_media":0,"parent":0,"menu_order":0,"comment_status":"closed","ping_status":"closed","template":"","meta":{"om_disable_all_campaigns":false,"_monsterinsights_skip_tracking":false,"_monsterinsights_sitenote_active":false,"_monsterinsights_sitenote_note":"","_monsterinsights_sitenote_category":0,"footnotes":""},"class_list":["post-8623","page","type-page","status-publish","hentry"],"aioseo_notices":[],"_links":{"self":[{"href":"https:\/\/petekpolimer.com\/index.php\/wp-json\/wp\/v2\/pages\/8623","targetHints":{"allow":["GET"]}}],"collection":[{"href":"https:\/\/petekpolimer.com\/index.php\/wp-json\/wp\/v2\/pages"}],"about":[{"href":"https:\/\/petekpolimer.com\/index.php\/wp-json\/wp\/v2\/types\/page"}],"author":[{"embeddable":true,"href":"https:\/\/petekpolimer.com\/index.php\/wp-json\/wp\/v2\/users\/1"}],"replies":[{"embeddable":true,"href":"https:\/\/petekpolimer.com\/index.php\/wp-json\/wp\/v2\/comments?post=8623"}],"version-history":[{"count":2,"href":"https:\/\/petekpolimer.com\/index.php\/wp-json\/wp\/v2\/pages\/8623\/revisions"}],"predecessor-version":[{"id":8633,"href":"https:\/\/petekpolimer.com\/index.php\/wp-json\/wp\/v2\/pages\/8623\/revisions\/8633"}],"wp:attachment":[{"href":"https:\/\/petekpolimer.com\/index.php\/wp-json\/wp\/v2\/media?parent=8623"}],"curies":[{"name":"wp","href":"https:\/\/api.w.org\/{rel}","templated":true}]}}