{"id":6505,"date":"2015-10-05T12:56:30","date_gmt":"2015-10-05T12:56:30","guid":{"rendered":"https:\/\/petekpolimer.com\/index.php\/home\/"},"modified":"2022-11-01T12:10:24","modified_gmt":"2022-11-01T12:10:24","slug":"home","status":"publish","type":"page","link":"https:\/\/petekpolimer.com\/","title":{"rendered":"Anasayfa"},"content":{"rendered":"<p>[vc_row bg_type=&#8221;color&#8221; padding_top=&#8221;70&#8243; margin_bottom=&#8221;0&#8243; padding_bottom=&#8221;100&#8243; font_color=&#8221;#ffffff&#8221;][vc_column width=&#8221;1\/3&#8243;]<div class=\"grve-element grve-box-icon grve-align-center grve-medium grve-with-shape\" style=\"\">  <div class=\"grve-wrapper-icon grve-simple grve-circle grve-bg-black\"><i class=\"fas fa-briefcase grve-text-white\"><\/i><\/div>  <div class=\"grve-box-content\">      <h3 class=\"grve-box-title grve-h3\">Kurumsal<br \/>\nKimlik<\/h3>  <\/div><\/div>[\/vc_column][vc_column width=&#8221;1\/3&#8243;]<div class=\"grve-element grve-box-icon grve-align-center grve-medium grve-with-shape\" style=\"\">  <div class=\"grve-wrapper-icon grve-simple grve-circle grve-bg-black\"><i class=\"fas fa-user-check grve-text-white\"><\/i><\/div>  <div class=\"grve-box-content\">      <h3 class=\"grve-box-title grve-h3\">M\u00fc\u015fteri Memnuniyeti<\/h3>  <\/div><\/div>[\/vc_column][vc_column width=&#8221;1\/3&#8243;]<div class=\"grve-element grve-box-icon grve-align-center grve-medium grve-with-shape\" style=\"\">  <div class=\"grve-wrapper-icon grve-simple grve-circle grve-bg-black\"><i class=\"fas fa-thumbs-up grve-text-white\"><\/i><\/div>  <div class=\"grve-box-content\">      <h3 class=\"grve-box-title grve-h3\">\u00dcst\u00fcn Kalite Anlay\u0131\u015f\u0131<\/h3>  <\/div><\/div>[\/vc_column][\/vc_row][vc_row bg_type=&#8221;color&#8221; bg_color=&#8221;#1e73be&#8221; padding_top=&#8221;60&#8243; padding_bottom=&#8221;60&#8243; margin_bottom=&#8221;0&#8243;][vc_column width=&#8221;1\/4&#8243;][vc_custom_heading text=&#8221;PE&#8221; font_container=&#8221;tag:div|font_size:80|text_align:left|color:%23ffc300|line_height:90px&#8221; css=&#8221;.vc_custom_1667304473226{margin-bottom: 18px !important;}&#8221; link=&#8221;url:https%3A%2F%2Fpetekpolimer.com%2Findex.php%2Fportfolio-main%2F|title:Polietilen%20(PE)&#8221;]<div class=\"grve-element grve-slogan grve-align-left\" style=\"\"><h2 class=\"grve-slogan-title grve-align-left grve-h4\"><span>Polietilen<\/span><\/h2><\/div>[vc_custom_heading text=&#8221;PVC&#8221; font_container=&#8221;tag:div|font_size:80|text_align:left|color:%23ffc300|line_height:90px&#8221; css=&#8221;.vc_custom_1667304597623{margin-bottom: 18px !important;}&#8221; link=&#8221;url:https%3A%2F%2Fpetekpolimer.com%2Findex.php%2Fpolivinilklorur-pvc%2F|title:Polivinilklor%C3%BCr%20(PVC)&#8221;]<div class=\"grve-element grve-slogan grve-align-left\" style=\"\"><h2 class=\"grve-slogan-title grve-align-left grve-h4\"><span>Polivinil Klor\u00fcr<\/span><\/h2><\/div>[\/vc_column][vc_column width=&#8221;1\/4&#8243;][vc_custom_heading text=&#8221;PP&#8221; font_container=&#8221;tag:div|font_size:80|text_align:left|color:%23ffc300|line_height:90px&#8221; css=&#8221;.vc_custom_1667304530029{margin-bottom: 18px !important;}&#8221; link=&#8221;url:https%3A%2F%2Fpetekpolimer.com%2Findex.php%2Fpolipropilen-pp%2F|title:Polipropilen%20(PP)&#8221;]<div class=\"grve-element grve-slogan grve-align-left\" style=\"\"><h2 class=\"grve-slogan-title grve-align-left grve-h4\"><span>Polipropilen<\/span><\/h2><\/div>[vc_custom_heading text=&#8221;PET&#8221; font_container=&#8221;tag:div|font_size:80|text_align:left|color:%23ffc300|line_height:90px&#8221; css=&#8221;.vc_custom_1667304609671{margin-bottom: 18px !important;}&#8221; link=&#8221;url:https%3A%2F%2Fpetekpolimer.com%2Findex.php%2Fpolietilen-treftalat-pet%2F|title:Polietilen%20treftalat%20(PET)&#8221;]<div class=\"grve-element grve-slogan grve-align-left\" style=\"\"><h2 class=\"grve-slogan-title grve-align-left grve-h4\"><span>Polietilen treftalat<\/span><\/h2><\/div>[\/vc_column][vc_column width=&#8221;1\/4&#8243;][vc_custom_heading text=&#8221;PS&#8221; font_container=&#8221;tag:div|font_size:80|text_align:left|color:%23ffc300|line_height:90px&#8221; css=&#8221;.vc_custom_1667304563410{margin-bottom: 18px !important;}&#8221; link=&#8221;url:https%3A%2F%2Fpetekpolimer.com%2Findex.php%2Fpolisitren-ps%2F|title:Polisitren%20(PS)&#8221;]<div class=\"grve-element grve-slogan grve-align-left\" style=\"\"><h2 class=\"grve-slogan-title grve-align-left grve-h4\"><span>Polisitren<\/span><\/h2><\/div>[vc_custom_heading text=&#8221;ABS&#8221; font_container=&#8221;tag:div|font_size:80|text_align:left|color:%23ffc300|line_height:90px&#8221; css=&#8221;.vc_custom_1667304618899{margin-bottom: 18px !important;}&#8221; link=&#8221;url:https%3A%2F%2Fpetekpolimer.com%2Findex.php%2Fakrinonitril-butadiyen-sitren-abs%2F|title:Akrinonitril%20B%C3%BCtadiyen%20Sitren%20(ABS)&#8221;]<div class=\"grve-element grve-slogan grve-align-left\" style=\"\"><h2 class=\"grve-slogan-title grve-align-left grve-h4\"><span>Akrinonitril B\u00fctadiyen Sitren<\/span><\/h2><\/div>[\/vc_column][vc_column width=&#8221;1\/4&#8243;][vc_custom_heading text=&#8221;PC&#8221; font_container=&#8221;tag:div|font_size:80|text_align:left|color:%23ffc300|line_height:90px&#8221; css=&#8221;.vc_custom_1667304587766{margin-bottom: 18px !important;}&#8221; link=&#8221;url:https%3A%2F%2Fpetekpolimer.com%2Findex.php%2Fpolikarbonat-pc%2F|title:Polikarbonat%20(PC)&#8221;]<div class=\"grve-element grve-slogan grve-align-left\" style=\"\"><h2 class=\"grve-slogan-title grve-align-left grve-h4\"><span>Polikarbonat<\/span><\/h2><\/div>[\/vc_column][\/vc_row][vc_row bg_type=&#8221;color&#8221; footer_feature=&#8221;yes&#8221; bg_color=&#8221;#000000&#8243; padding_top=&#8221;60&#8243; padding_bottom=&#8221;30&#8243;][vc_column width=&#8221;1\/2&#8243;][vc_custom_heading text=&#8221;01.&#8221; font_container=&#8221;tag:div|font_size:80|text_align:left|color:%23888888|line_height:90px&#8221; css=&#8221;.vc_custom_1446211265940{margin-bottom: 18px !important;}&#8221;]<div class=\"grve-element grve-slogan grve-align-left\" style=\"\"><h2 class=\"grve-slogan-title grve-align-left grve-h4\"><span>FORMU EKS\u0130KS\u0130Z DOLDURUN<\/span><\/h2>  <p class=\"\">Form bilgileri sizinle ileti\u015fime ge\u00e7memiz i\u00e7in \u00f6nemlidir.<\/p><\/div>[vc_custom_heading text=&#8221;02.&#8221; font_container=&#8221;tag:div|font_size:80|text_align:left|color:%23888888|line_height:90px&#8221; css=&#8221;.vc_custom_1446211275866{margin-bottom: 18px !important;}&#8221;]<div class=\"grve-element grve-slogan grve-align-left\" style=\"\"><h2 class=\"grve-slogan-title grve-align-left grve-h4\"><span>Detaylar\u0131 bizimle payla\u015f\u0131n<\/span><\/h2>  <p class=\"\">Size hangi konuda yard\u0131mc\u0131 olabilece\u011fimizi detayl\u0131 \u015fekilde anlat\u0131n.<\/p><\/div>[vc_custom_heading text=&#8221;03.&#8221; font_container=&#8221;tag:div|font_size:80|text_align:left|color:%23888888|line_height:90px&#8221; css=&#8221;.vc_custom_1446211284722{margin-bottom: 18px !important;}&#8221;]<div class=\"grve-element grve-slogan grve-align-left\" style=\"\"><h2 class=\"grve-slogan-title grve-align-left grve-h4\"><span>GER\u0130 D\u00d6N\u00dc\u015e\u00dcM\u00dcZ\u00dc BEKLEY\u0130N<\/span><\/h2>  <p class=\"\">Vermi\u015f oldu\u011funuz telefon ve mail adresinizi s\u0131k s\u0131k kontrol edin.<\/p><\/div>[\/vc_column][vc_column width=&#8221;1\/2&#8243;]<div role=\"form\" class=\"wpcf7\" id=\"wpcf7-f6-o1\" lang=\"tr-TR\" dir=\"ltr\">\n<div class=\"screen-reader-response\"><p role=\"status\" aria-live=\"polite\" aria-atomic=\"true\"><\/p> <ul><\/ul><\/div>\n<form action=\"\/index.php\/wp-json\/wp\/v2\/pages\/6505#wpcf7-f6-o1\" method=\"post\" class=\"wpcf7-form init\" novalidate=\"novalidate\" data-status=\"init\">\n<div style=\"display: none;\">\n<input type=\"hidden\" name=\"_wpcf7\" value=\"6\" \/>\n<input type=\"hidden\" name=\"_wpcf7_version\" value=\"5.6.4\" \/>\n<input type=\"hidden\" name=\"_wpcf7_locale\" value=\"tr_TR\" \/>\n<input type=\"hidden\" name=\"_wpcf7_unit_tag\" value=\"wpcf7-f6-o1\" \/>\n<input type=\"hidden\" name=\"_wpcf7_container_post\" value=\"0\" \/>\n<input type=\"hidden\" name=\"_wpcf7_posted_data_hash\" value=\"\" \/>\n<\/div>\n<p><label> Ad-Soyad<br \/>\n    <span class=\"wpcf7-form-control-wrap\" data-name=\"your-name\"><input type=\"text\" name=\"your-name\" value=\"\" size=\"40\" class=\"wpcf7-form-control wpcf7-text wpcf7-validates-as-required\" aria-required=\"true\" aria-invalid=\"false\" \/><\/span> <\/label><\/p>\n<p><label> E-posta<br \/>\n    <span class=\"wpcf7-form-control-wrap\" data-name=\"your-email\"><input type=\"email\" name=\"your-email\" value=\"\" size=\"40\" class=\"wpcf7-form-control wpcf7-text wpcf7-email wpcf7-validates-as-required wpcf7-validates-as-email\" aria-required=\"true\" aria-invalid=\"false\" \/><\/span> <\/label><\/p>\n<p><label> Konu<br \/>\n    <span class=\"wpcf7-form-control-wrap\" data-name=\"your-subject\"><input type=\"text\" name=\"your-subject\" value=\"\" size=\"40\" class=\"wpcf7-form-control wpcf7-text wpcf7-validates-as-required\" aria-required=\"true\" aria-invalid=\"false\" \/><\/span> <\/label><\/p>\n<p><label> Mesaj\u0131n\u0131z<br \/>\n    <span class=\"wpcf7-form-control-wrap\" data-name=\"your-message\"><textarea name=\"your-message\" cols=\"40\" rows=\"10\" class=\"wpcf7-form-control wpcf7-textarea\" aria-invalid=\"false\"><\/textarea><\/span> <\/label><\/p>\n<p><input type=\"submit\" value=\"G\u00f6nder\" class=\"wpcf7-form-control has-spinner wpcf7-submit\" \/><\/p>\n<p style=\"display: none !important;\" class=\"akismet-fields-container\" data-prefix=\"_wpcf7_ak_\"><label>&#916;<textarea name=\"_wpcf7_ak_hp_textarea\" cols=\"45\" rows=\"8\" maxlength=\"100\"><\/textarea><\/label><input type=\"hidden\" id=\"ak_js_1\" name=\"_wpcf7_ak_js\" value=\"91\"\/><script>document.getElementById( \"ak_js_1\" ).setAttribute( \"value\", ( new Date() ).getTime() );<\/script><\/p><div class=\"wpcf7-response-output\" aria-hidden=\"true\"><\/div><\/form><\/div>[\/vc_column][\/vc_row]<\/p>\n","protected":false},"excerpt":{"rendered":"<p>[vc_row bg_type=&#8221;color&#8221; padding_top=&#8221;70&#8243; margin_bottom=&#8221;0&#8243; padding_bottom=&#8221;100&#8243; font_color=&#8221;#ffffff&#8221;][vc_column width=&#8221;1\/3&#8243;][\/vc_column][vc_column width=&#8221;1\/3&#8243;][\/vc_column][vc_column width=&#8221;1\/3&#8243;][\/vc_column][\/vc_row][vc_row bg_type=&#8221;color&#8221; bg_color=&#8221;#1e73be&#8221; padding_top=&#8221;60&#8243; padding_bottom=&#8221;60&#8243; margin_bottom=&#8221;0&#8243;][vc_column width=&#8221;1\/4&#8243;][vc_custom_heading text=&#8221;PE&#8221; font_container=&#8221;tag:div|font_size:80|text_align:left|color:%23ffc300|line_height:90px&#8221; css=&#8221;.vc_custom_1667304473226{margin-bottom: 18px !important;}&#8221; link=&#8221;url:https%3A%2F%2Fpetekpolimer.com%2Findex.php%2Fportfolio-main%2F|title:Polietilen%20(PE)&#8221;][vc_custom_heading text=&#8221;PVC&#8221; font_container=&#8221;tag:div|font_size:80|text_align:left|color:%23ffc300|line_height:90px&#8221; css=&#8221;.vc_custom_1667304597623{margin-bottom: 18px !important;}&#8221; link=&#8221;url:https%3A%2F%2Fpetekpolimer.com%2Findex.php%2Fpolivinilklorur-pvc%2F|title:Polivinilklor%C3%BCr%20(PVC)&#8221;][\/vc_column][vc_column width=&#8221;1\/4&#8243;][vc_custom_heading text=&#8221;PP&#8221; font_container=&#8221;tag:div|font_size:80|text_align:left|color:%23ffc300|line_height:90px&#8221; css=&#8221;.vc_custom_1667304530029{margin-bottom: 18px !important;}&#8221; link=&#8221;url:https%3A%2F%2Fpetekpolimer.com%2Findex.php%2Fpolipropilen-pp%2F|title:Polipropilen%20(PP)&#8221;][vc_custom_heading text=&#8221;PET&#8221; font_container=&#8221;tag:div|font_size:80|text_align:left|color:%23ffc300|line_height:90px&#8221; css=&#8221;.vc_custom_1667304609671{margin-bottom: 18px !important;}&#8221; link=&#8221;url:https%3A%2F%2Fpetekpolimer.com%2Findex.php%2Fpolietilen-treftalat-pet%2F|title:Polietilen%20treftalat%20(PET)&#8221;][\/vc_column][vc_column width=&#8221;1\/4&#8243;][vc_custom_heading text=&#8221;PS&#8221; font_container=&#8221;tag:div|font_size:80|text_align:left|color:%23ffc300|line_height:90px&#8221; css=&#8221;.vc_custom_1667304563410{margin-bottom: 18px !important;}&#8221; link=&#8221;url:https%3A%2F%2Fpetekpolimer.com%2Findex.php%2Fpolisitren-ps%2F|title:Polisitren%20(PS)&#8221;][vc_custom_heading text=&#8221;ABS&#8221; font_container=&#8221;tag:div|font_size:80|text_align:left|color:%23ffc300|line_height:90px&#8221; css=&#8221;.vc_custom_1667304618899{margin-bottom: 18px !important;}&#8221; link=&#8221;url:https%3A%2F%2Fpetekpolimer.com%2Findex.php%2Fakrinonitril-butadiyen-sitren-abs%2F|title:Akrinonitril%20B%C3%BCtadiyen%20Sitren%20(ABS)&#8221;][\/vc_column][vc_column width=&#8221;1\/4&#8243;][vc_custom_heading text=&#8221;PC&#8221; [&hellip;]<\/p>\n","protected":false},"author":1,"featured_media":0,"parent":0,"menu_order":0,"comment_status":"closed","ping_status":"closed","template":"","meta":{"om_disable_all_campaigns":false,"_monsterinsights_skip_tracking":false,"_monsterinsights_sitenote_active":false,"_monsterinsights_sitenote_note":"","_monsterinsights_sitenote_category":0,"footnotes":""},"class_list":["post-6505","page","type-page","status-publish","hentry"],"aioseo_notices":[],"_links":{"self":[{"href":"https:\/\/petekpolimer.com\/index.php\/wp-json\/wp\/v2\/pages\/6505","targetHints":{"allow":["GET"]}}],"collection":[{"href":"https:\/\/petekpolimer.com\/index.php\/wp-json\/wp\/v2\/pages"}],"about":[{"href":"https:\/\/petekpolimer.com\/index.php\/wp-json\/wp\/v2\/types\/page"}],"author":[{"embeddable":true,"href":"https:\/\/petekpolimer.com\/index.php\/wp-json\/wp\/v2\/users\/1"}],"replies":[{"embeddable":true,"href":"https:\/\/petekpolimer.com\/index.php\/wp-json\/wp\/v2\/comments?post=6505"}],"version-history":[{"count":19,"href":"https:\/\/petekpolimer.com\/index.php\/wp-json\/wp\/v2\/pages\/6505\/revisions"}],"predecessor-version":[{"id":8658,"href":"https:\/\/petekpolimer.com\/index.php\/wp-json\/wp\/v2\/pages\/6505\/revisions\/8658"}],"wp:attachment":[{"href":"https:\/\/petekpolimer.com\/index.php\/wp-json\/wp\/v2\/media?parent=6505"}],"curies":[{"name":"wp","href":"https:\/\/api.w.org\/{rel}","templated":true}]}}