{"id":508,"date":"2015-09-15T11:48:43","date_gmt":"2015-09-15T11:48:43","guid":{"rendered":"https:\/\/petekpolimer.com\/index.php\/contact-us-ii\/"},"modified":"2023-02-23T16:05:21","modified_gmt":"2023-02-23T16:05:21","slug":"contact-us-ii","status":"publish","type":"page","link":"https:\/\/petekpolimer.com\/index.php\/contact-us-ii\/","title":{"rendered":"\u0130leti\u015fim"},"content":{"rendered":"<p>[vc_row header_feature=&#8221;yes&#8221; padding_top=&#8221;150&#8243; margin_bottom=&#8221;0&#8243; padding_bottom=&#8221;150&#8243;][vc_column][vc_empty_space height=&#8221;40&#8243;][\/vc_column][vc_column width=&#8221;1\/3&#8243;]<div class=\"grve-element grve-box grve-align-center grve-animated-item grve-fadeInUp\" style=\"\" data-delay=\"300\"><figure class=\"grve-image-hover grve-zoom-none\">\t<div class=\"grve-media\">\t\t<div class=\"grve-bg-light grve-hover-overlay grve-opacity-90\"><\/div><img loading=\"lazy\" decoding=\"async\" width=\"357\" height=\"267\" src=\"https:\/\/petekpolimer.com\/wp-content\/uploads\/2015\/09\/team-img.jpg\" class=\"attachment-full size-full\" alt=\"\" srcset=\"https:\/\/petekpolimer.com\/wp-content\/uploads\/2015\/09\/team-img.jpg 357w, https:\/\/petekpolimer.com\/wp-content\/uploads\/2015\/09\/team-img-300x224.jpg 300w\" sizes=\"auto, (max-width: 357px) 100vw, 357px\" \/>\t<\/div><\/figure>  <div class=\"grve-box-content\"><h3 class=\"grve-box-title grve-h4\">ADRES<\/h3>    <p>Adres: Yakuplu Mah. Yakuplu Cad. Ceylan Rezidans No:6 \u0130\u00e7 Kap\u0131 No:18 Beylikd\u00fcz\u00fc\/\u0130STANBUL<\/p>\n<p>Depo Adres: Bal\u00e7\u0131k Mah. 3213 Sok. No.34 Gebze\/KOCAEL\u0130<\/p>  <\/div><\/div>[\/vc_column][vc_column width=&#8221;1\/3&#8243;]<div class=\"grve-element grve-box grve-align-center grve-animated-item grve-fadeInUp\" style=\"\" data-delay=\"600\"><a href=\"tel:05303147072\" target=\"_self\"><figure class=\"grve-image-hover grve-zoom-none\">\t<div class=\"grve-media\">\t\t<div class=\"grve-bg-light grve-hover-overlay grve-opacity-90\"><\/div><img loading=\"lazy\" decoding=\"async\" width=\"357\" height=\"267\" src=\"https:\/\/petekpolimer.com\/wp-content\/uploads\/2015\/09\/services-img.jpg\" class=\"attachment-full size-full\" alt=\"\" srcset=\"https:\/\/petekpolimer.com\/wp-content\/uploads\/2015\/09\/services-img.jpg 1x,https:\/\/petekpolimer.com\/wp-content\/uploads\/2015\/09\/services-img@2x.jpg 2x\" \/>\t<\/div><\/figure><\/a>  <div class=\"grve-box-content\">    <a href=\"tel:05303147072\" target=\"_self\"><h3 class=\"grve-box-title grve-h5\">TELEFON<\/h3>    <\/a>    <p>0 530 314 70 72<\/p>  <\/div><\/div>[\/vc_column][vc_column width=&#8221;1\/3&#8243;]<div class=\"grve-element grve-box grve-align-center grve-animated-item grve-fadeInUp\" style=\"\" data-delay=\"900\"><figure class=\"grve-image-hover grve-zoom-none\">\t<div class=\"grve-media\">\t\t<div class=\"grve-bg-light grve-hover-overlay grve-opacity-90\"><\/div><img loading=\"lazy\" decoding=\"async\" width=\"357\" height=\"267\" src=\"https:\/\/petekpolimer.com\/wp-content\/uploads\/2015\/09\/team-img.jpg\" class=\"attachment-full size-full\" alt=\"\" srcset=\"https:\/\/petekpolimer.com\/wp-content\/uploads\/2015\/09\/team-img.jpg 1x,https:\/\/petekpolimer.com\/wp-content\/uploads\/2015\/09\/team-img@2x.jpg 2x\" \/>\t<\/div><\/figure>  <div class=\"grve-box-content\"><h3 class=\"grve-box-title grve-h5\">E-POSTA<\/h3>    <p>info@petekpolimer.com<\/p>  <\/div><\/div>[\/vc_column][\/vc_row][vc_row heading_color=&#8221;light&#8221; bg_type=&#8221;color&#8221; font_color=&#8221;#777777&#8243; bg_color=&#8221;#232323&#8243; padding_top=&#8221;100&#8243; padding_bottom=&#8221;120&#8243; margin_bottom=&#8221;0&#8243;][vc_column]<div class=\"grve-element grve-single-icon grve-align-center grve-large\" style=\"\">  <div class=\"grve-wrapper-icon grve-no-shape grve-text-grey\"><i class=\"entypo-icon entypo-icon-mail grve-text-primary-1\"><\/i><\/div><\/div><div class=\"grve-element grve-slogan grve-align-center\" style=\"\"><h2 class=\"grve-slogan-title grve-align-center grve-h2\"><span style=\"font-size: 120%; line-height: 1.120em;\">HEMEN \u0130LET\u0130\u015e\u0130ME GE\u00c7<\/span><\/h2><\/div>[vc_empty_space height=&#8221;60&#8243;]<div role=\"form\" class=\"wpcf7\" id=\"wpcf7-f6442-o1\" lang=\"en-US\" dir=\"ltr\">\n<div class=\"screen-reader-response\"><p role=\"status\" aria-live=\"polite\" aria-atomic=\"true\"><\/p> <ul><\/ul><\/div>\n<form action=\"\/index.php\/wp-json\/wp\/v2\/pages\/508#wpcf7-f6442-o1\" method=\"post\" class=\"wpcf7-form init demo\" novalidate=\"novalidate\" data-status=\"init\">\n<div style=\"display: none;\">\n<input type=\"hidden\" name=\"_wpcf7\" value=\"6442\" \/>\n<input type=\"hidden\" name=\"_wpcf7_version\" value=\"5.6.4\" \/>\n<input type=\"hidden\" name=\"_wpcf7_locale\" value=\"en_US\" \/>\n<input type=\"hidden\" name=\"_wpcf7_unit_tag\" value=\"wpcf7-f6442-o1\" \/>\n<input type=\"hidden\" name=\"_wpcf7_container_post\" value=\"0\" \/>\n<input type=\"hidden\" name=\"_wpcf7_posted_data_hash\" value=\"\" \/>\n<\/div>\n<div class=\"grve-form-style-2 grve-form-light\">\n<div class=\"grve-one-half\"><span class=\"wpcf7-form-control-wrap\" data-name=\"your-name\"><input type=\"text\" name=\"your-name\" value=\"\" size=\"40\" class=\"wpcf7-form-control wpcf7-text wpcf7-validates-as-required\" aria-required=\"true\" aria-invalid=\"false\" placeholder=\"Ad-Soyad\" \/><\/span><\/div>\n<div class=\"grve-one-half grve-last-column\"><span class=\"wpcf7-form-control-wrap\" data-name=\"your-email\"><input type=\"email\" name=\"your-email\" value=\"\" size=\"40\" class=\"wpcf7-form-control wpcf7-text wpcf7-email wpcf7-validates-as-required wpcf7-validates-as-email\" aria-required=\"true\" aria-invalid=\"false\" placeholder=\"E-posta\" \/><\/span><\/div>\n<div><span class=\"wpcf7-form-control-wrap\" data-name=\"your-subject\"><input type=\"text\" name=\"your-subject\" value=\"\" size=\"40\" class=\"wpcf7-form-control wpcf7-text\" aria-invalid=\"false\" placeholder=\"Konu\" \/><\/span><\/div>\n<div><span class=\"wpcf7-form-control-wrap\" data-name=\"your-message\"><textarea name=\"your-message\" cols=\"40\" rows=\"10\" class=\"wpcf7-form-control wpcf7-textarea\" aria-invalid=\"false\" placeholder=\"Mesaj\u0131n\u0131z\"><\/textarea><\/span><\/div>\n<div><input type=\"submit\" value=\"\u015eimdi mail g\u00f6nder\" class=\"wpcf7-form-control has-spinner wpcf7-submit grve-custom-btn\" \/><\/div>\n<\/div>\n<p style=\"display: none !important;\" class=\"akismet-fields-container\" data-prefix=\"_wpcf7_ak_\"><label>&#916;<textarea name=\"_wpcf7_ak_hp_textarea\" cols=\"45\" rows=\"8\" maxlength=\"100\"><\/textarea><\/label><input type=\"hidden\" id=\"ak_js_1\" name=\"_wpcf7_ak_js\" value=\"97\"\/><script>document.getElementById( \"ak_js_1\" ).setAttribute( \"value\", ( new Date() ).getTime() );<\/script><\/p><div class=\"wpcf7-response-output\" aria-hidden=\"true\"><\/div><\/form><\/div>[\/vc_column][\/vc_row][vc_row section_type=&#8221;fullwidth&#8221; footer_feature=&#8221;yes&#8221;][vc_column][vc_raw_html]JTNDaWZyYW1lJTIwc3JjJTNEJTIyaHR0cHMlM0ElMkYlMkZ3d3cuZ29vZ2xlLmNvbSUyRm1hcHMlMkZlbWJlZCUzRnBiJTNEJTIxMW0xOCUyMTFtMTIlMjExbTMlMjExZDMwMTEuMTQ2MjE0MDYwMjk2NiUyMTJkMjguNjIwNTg5NjE0OTE0MTIlMjEzZDQxLjAwMDE3MjgyNzg3MzMxJTIxMm0zJTIxMWYwJTIxMmYwJTIxM2YwJTIxM20yJTIxMWkxMDI0JTIxMmk3NjglMjE0ZjEzLjElMjEzbTMlMjExbTIlMjExczB4MTRiNTVlNGE1YWFiNDFjMyUyNTNBMHg2YmVjMDg5ODk3YmQ3OWIlMjEyc0NleWxhbiUyNTIwUmVzaWRlbmNlJTIxNWUwJTIxM20yJTIxMXN0ciUyMTJzdHIlMjE0djE2NjczMDUyMjMwOTglMjE1bTIlMjExc3RyJTIxMnN0ciUyMiUyMHdpZHRoJTNEJTIyMTQwMCUyMiUyMGhlaWdodCUzRCUyMjYwMCUyMiUyMHN0eWxlJTNEJTIyYm9yZGVyJTNBMCUzQiUyMiUyMGFsbG93ZnVsbHNjcmVlbiUzRCUyMiUyMiUyMGxvYWRpbmclM0QlMjJsYXp5JTIyJTIwcmVmZXJyZXJwb2xpY3klM0QlMjJuby1yZWZlcnJlci13aGVuLWRvd25ncmFkZSUyMiUzRSUzQyUyRmlmcmFtZSUzRQ==[\/vc_raw_html][\/vc_column][\/vc_row]<\/p>\n","protected":false},"excerpt":{"rendered":"<p>[vc_row header_feature=&#8221;yes&#8221; padding_top=&#8221;150&#8243; margin_bottom=&#8221;0&#8243; padding_bottom=&#8221;150&#8243;][vc_column][vc_empty_space height=&#8221;40&#8243;][\/vc_column][vc_column width=&#8221;1\/3&#8243;][\/vc_column][vc_column width=&#8221;1\/3&#8243;][\/vc_column][vc_column width=&#8221;1\/3&#8243;][\/vc_column][\/vc_row][vc_row heading_color=&#8221;light&#8221; bg_type=&#8221;color&#8221; font_color=&#8221;#777777&#8243; bg_color=&#8221;#232323&#8243; padding_top=&#8221;100&#8243; padding_bottom=&#8221;120&#8243; margin_bottom=&#8221;0&#8243;][vc_column][vc_empty_space height=&#8221;60&#8243;][\/vc_column][\/vc_row][vc_row section_type=&#8221;fullwidth&#8221; footer_feature=&#8221;yes&#8221;][vc_column][vc_raw_html]JTNDaWZyYW1lJTIwc3JjJTNEJTIyaHR0cHMlM0ElMkYlMkZ3d3cuZ29vZ2xlLmNvbSUyRm1hcHMlMkZlbWJlZCUzRnBiJTNEJTIxMW0xOCUyMTFtMTIlMjExbTMlMjExZDMwMTEuMTQ2MjE0MDYwMjk2NiUyMTJkMjguNjIwNTg5NjE0OTE0MTIlMjEzZDQxLjAwMDE3MjgyNzg3MzMxJTIxMm0zJTIxMWYwJTIxMmYwJTIxM2YwJTIxM20yJTIxMWkxMDI0JTIxMmk3NjglMjE0ZjEzLjElMjEzbTMlMjExbTIlMjExczB4MTRiNTVlNGE1YWFiNDFjMyUyNTNBMHg2YmVjMDg5ODk3YmQ3OWIlMjEyc0NleWxhbiUyNTIwUmVzaWRlbmNlJTIxNWUwJTIxM20yJTIxMXN0ciUyMTJzdHIlMjE0djE2NjczMDUyMjMwOTglMjE1bTIlMjExc3RyJTIxMnN0ciUyMiUyMHdpZHRoJTNEJTIyMTQwMCUyMiUyMGhlaWdodCUzRCUyMjYwMCUyMiUyMHN0eWxlJTNEJTIyYm9yZGVyJTNBMCUzQiUyMiUyMGFsbG93ZnVsbHNjcmVlbiUzRCUyMiUyMiUyMGxvYWRpbmclM0QlMjJsYXp5JTIyJTIwcmVmZXJyZXJwb2xpY3klM0QlMjJuby1yZWZlcnJlci13aGVuLWRvd25ncmFkZSUyMiUzRSUzQyUyRmlmcmFtZSUzRQ==[\/vc_raw_html][\/vc_column][\/vc_row]<\/p>\n","protected":false},"author":1,"featured_media":0,"parent":0,"menu_order":0,"comment_status":"closed","ping_status":"closed","template":"","meta":{"om_disable_all_campaigns":false,"_monsterinsights_skip_tracking":false,"_monsterinsights_sitenote_active":false,"_monsterinsights_sitenote_note":"","_monsterinsights_sitenote_category":0,"footnotes":""},"class_list":["post-508","page","type-page","status-publish","hentry"],"aioseo_notices":[],"_links":{"self":[{"href":"https:\/\/petekpolimer.com\/index.php\/wp-json\/wp\/v2\/pages\/508","targetHints":{"allow":["GET"]}}],"collection":[{"href":"https:\/\/petekpolimer.com\/index.php\/wp-json\/wp\/v2\/pages"}],"about":[{"href":"https:\/\/petekpolimer.com\/index.php\/wp-json\/wp\/v2\/types\/page"}],"author":[{"embeddable":true,"href":"https:\/\/petekpolimer.com\/index.php\/wp-json\/wp\/v2\/users\/1"}],"replies":[{"embeddable":true,"href":"https:\/\/petekpolimer.com\/index.php\/wp-json\/wp\/v2\/comments?post=508"}],"version-history":[{"count":15,"href":"https:\/\/petekpolimer.com\/index.php\/wp-json\/wp\/v2\/pages\/508\/revisions"}],"predecessor-version":[{"id":8666,"href":"https:\/\/petekpolimer.com\/index.php\/wp-json\/wp\/v2\/pages\/508\/revisions\/8666"}],"wp:attachment":[{"href":"https:\/\/petekpolimer.com\/index.php\/wp-json\/wp\/v2\/media?parent=508"}],"curies":[{"name":"wp","href":"https:\/\/api.w.org\/{rel}","templated":true}]}}