{"id":483,"date":"2015-09-15T11:43:34","date_gmt":"2015-09-15T11:43:34","guid":{"rendered":"https:\/\/petekpolimer.com\/index.php\/about-us-i\/"},"modified":"2022-11-01T12:40:44","modified_gmt":"2022-11-01T12:40:44","slug":"about-us-i","status":"publish","type":"page","link":"https:\/\/petekpolimer.com\/index.php\/about-us-i\/","title":{"rendered":"Hakk\u0131m\u0131zda"},"content":{"rendered":"<p>[vc_row header_feature=&#8221;yes&#8221; padding_top=&#8221;70&#8243; padding_bottom=&#8221;40&#8243; margin_bottom=&#8221;0&#8243;][vc_column width=&#8221;1\/2&#8243;]<div class=\"grve-element grve-image grve-align-center\" style=\"\"><img loading=\"lazy\" decoding=\"async\" width=\"411\" height=\"296\" src=\"https:\/\/petekpolimer.com\/wp-content\/uploads\/2022\/10\/hmm.png\" class=\"attachment-full size-full\" alt=\"\" srcset=\"https:\/\/petekpolimer.com\/wp-content\/uploads\/2022\/10\/hmm.png 411w, https:\/\/petekpolimer.com\/wp-content\/uploads\/2022\/10\/hmm-300x216.png 300w\" sizes=\"auto, (max-width: 411px) 100vw, 411px\" \/><\/div>[\/vc_column][vc_column width=&#8221;1\/2&#8243;][vc_column_text]Tar\u0131mdan tekstile, temizlikten ilaca, plastikten metale, ambalajdan polyestere ve bunun gibi bir\u00e7ok sekt\u00f6re hizmet veren firmam\u0131z, gen\u00e7 ve dinamik kadrosuyla, sat\u0131\u015f ve sat\u0131\u015f sonras\u0131 m\u00fc\u015fteri memnuniyetini \u00f6n planda tutarak ticari faaliyetlerini s\u00fcrd\u00fcrmektedir.<\/p>\n<p><b>PETK\u0130M<\/b>\u00a0genel \u00fcr\u00fcnlerinin sat\u0131\u015f\u0131n\u0131n yan\u0131nda muadil \u00fcr\u00fcnlerin de sat\u0131\u015f\u0131n\u0131 yapmaktay\u0131z. Polietilen (PE), Polipropilen (PP), Polivinilklor\u00fcr (PVC), Polistren (PS), Akrinonitril Butadiyen Sitren (ABS) gibi plastik hammaddelerin temini i\u00e7in Avrupa, Uzakdo\u011fu, Ortado\u011fu ve Asya\u2019daki petrokimya \u00fcreticileri ile ticaretimiz de mevcuttur.[\/vc_column_text][\/vc_column][\/vc_row][vc_row footer_feature=&#8221;yes&#8221; equal_column_height=&#8221;middle-content&#8221; padding_top=&#8221;100&#8243; padding_bottom=&#8221;180&#8243;][vc_column width=&#8221;1\/2&#8243; tablet_sm_width=&#8221;1&#8243;][vc_custom_heading text=&#8221;Vizyonumuz&#8221;][vc_column_text]M\u00fc\u015fteri memnuniyeti i\u00e7in performans standartlar\u0131n\u0131 olu\u015ftururken, pazar pay\u0131 ve rekabet g\u00fcc\u00fcm\u00fcz\u00fc artt\u0131rmakt\u0131r.[\/vc_column_text][\/vc_column][vc_column width=&#8221;1\/2&#8243; tablet_sm_width=&#8221;1&#8243;][vc_custom_heading text=&#8221;Misyonumuz&#8221;][vc_column_text]Saham\u0131zda lojistik ve hizmet a\u00e7\u0131s\u0131ndan en vas\u0131fl\u0131 hale gelerek, temel plastik hammaddelerinin yan\u0131 s\u0131ra m\u00fchendislik plastiklerinin ve di\u011fer kimyasal hammaddelerin pazarlamas\u0131na da a\u011f\u0131rl\u0131k vermektir.[\/vc_column_text][\/vc_column][\/vc_row][vc_row bg_type=&#8221;color&#8221; footer_feature=&#8221;yes&#8221; bg_color=&#8221;#d6ccad&#8221; padding_top=&#8221;40&#8243; padding_bottom=&#8221;30&#8243;][vc_column vertical_content_position=&#8221;middle&#8221; width=&#8221;2\/3&#8243;]<h3 class=\"grve-element grve-typed-text grve-align-center grve-h4\" style=\"\">    <span class=\"grve-typed-text-prefix\"> B\u0130Z\u0130MLE \u0130LET\u0130\u015e\u0130ME GE\u00c7MEK \u0130\u00c7\u0130N<\/span>    <span class=\"grve-animated-text grve-text-red\">    \t<span id=\"grve-typed-item-69dfff762b9ed\"><\/span>    <\/span>    <span class=\"grve-typed-text-suffix\"> <\/span><script type=\"text\/javascript\">\r\n\t\t\t\tjQuery(function($){ $(\"#grve-typed-item-69dfff762b9ed\").typed({\r\n\t\t\t\t\tstrings: [\"HEMEN TIKLA\"],\r\n\t\t\t\t\ttypeSpeed: 100,\r\n\t\t\t\t\tbackSpeed: 80,\r\n\t\t\t\t\tstartDelay: 0,\r\n\t\t\t\t\tbackDelay: 500,\r\n\t\t\t\t\tloop: true,\r\n\t\t\t\t\tloopCount: false,\r\n\t\t\t\t\tshowCursor: true,\r\n\t\t\t\t\tcursorChar: \"_\",\r\n\t\t\t\t\tcontentType: null,\r\n\t\t\t\t\tattr: null\r\n\t\t\t\t});\r\n\t\t\t});\r\n\t\t<\/script><\/h3>[\/vc_column][vc_column width=&#8221;1\/3&#8243;]<div class=\"grve-element grve-align-center grve-animated-item grve-fadeInUp\" data-delay=\"200\"><a href=\"tel:05303147072\" title=\"Telefon\" target=\"_blank\" class=\"grve-btn grve-btn-small grve-square grve-bg-red grve-bg-hover-black\"><span>\u015e\u0130MD\u0130 ARA<\/span><\/a><\/div>[\/vc_column][\/vc_row]<\/p>\n","protected":false},"excerpt":{"rendered":"<p>[vc_row header_feature=&#8221;yes&#8221; padding_top=&#8221;70&#8243; padding_bottom=&#8221;40&#8243; margin_bottom=&#8221;0&#8243;][vc_column width=&#8221;1\/2&#8243;][\/vc_column][vc_column width=&#8221;1\/2&#8243;][vc_column_text]Tar\u0131mdan tekstile, temizlikten ilaca, plastikten metale, ambalajdan polyestere ve bunun gibi bir\u00e7ok sekt\u00f6re hizmet veren firmam\u0131z, gen\u00e7 ve dinamik kadrosuyla, sat\u0131\u015f ve sat\u0131\u015f sonras\u0131 m\u00fc\u015fteri memnuniyetini \u00f6n planda tutarak ticari faaliyetlerini s\u00fcrd\u00fcrmektedir. PETK\u0130M\u00a0genel \u00fcr\u00fcnlerinin sat\u0131\u015f\u0131n\u0131n yan\u0131nda muadil \u00fcr\u00fcnlerin de sat\u0131\u015f\u0131n\u0131 yapmaktay\u0131z. Polietilen (PE), Polipropilen (PP), Polivinilklor\u00fcr (PVC), Polistren (PS), [&hellip;]<\/p>\n","protected":false},"author":1,"featured_media":0,"parent":0,"menu_order":0,"comment_status":"closed","ping_status":"closed","template":"","meta":{"om_disable_all_campaigns":false,"_monsterinsights_skip_tracking":false,"_monsterinsights_sitenote_active":false,"_monsterinsights_sitenote_note":"","_monsterinsights_sitenote_category":0,"footnotes":""},"class_list":["post-483","page","type-page","status-publish","hentry"],"aioseo_notices":[],"_links":{"self":[{"href":"https:\/\/petekpolimer.com\/index.php\/wp-json\/wp\/v2\/pages\/483","targetHints":{"allow":["GET"]}}],"collection":[{"href":"https:\/\/petekpolimer.com\/index.php\/wp-json\/wp\/v2\/pages"}],"about":[{"href":"https:\/\/petekpolimer.com\/index.php\/wp-json\/wp\/v2\/types\/page"}],"author":[{"embeddable":true,"href":"https:\/\/petekpolimer.com\/index.php\/wp-json\/wp\/v2\/users\/1"}],"replies":[{"embeddable":true,"href":"https:\/\/petekpolimer.com\/index.php\/wp-json\/wp\/v2\/comments?post=483"}],"version-history":[{"count":18,"href":"https:\/\/petekpolimer.com\/index.php\/wp-json\/wp\/v2\/pages\/483\/revisions"}],"predecessor-version":[{"id":8664,"href":"https:\/\/petekpolimer.com\/index.php\/wp-json\/wp\/v2\/pages\/483\/revisions\/8664"}],"wp:attachment":[{"href":"https:\/\/petekpolimer.com\/index.php\/wp-json\/wp\/v2\/media?parent=483"}],"curies":[{"name":"wp","href":"https:\/\/api.w.org\/{rel}","templated":true}]}}